{"id":1286,"date":"2024-05-30T12:01:56","date_gmt":"2024-05-30T10:01:56","guid":{"rendered":"https:\/\/nayada.eu\/shop\/los-pirineos\/"},"modified":"2024-05-30T12:01:56","modified_gmt":"2024-05-30T10:01:56","slug":"los-pirineos","status":"publish","type":"product","link":"https:\/\/nayada.eu\/es\/shop\/los-pirineos\/","title":{"rendered":"Los Pirineos"},"content":{"rendered":"","protected":false},"excerpt":{"rendered":"<p>Elaborado con aceite de oliva de los Pirineos Orientales y aceite de coco bio, con un surgras de aceite de c\u00e1\u00f1amo de las Ardenas. Entre los aceites vegetales m\u00e1s ricos, el aceite de c\u00e1\u00f1amo es ideal para el cuidado de las pieles secas, maduras, sensibles y deshidratadas. Con aceites esenciales de abeto y cipr\u00e9s ecol\u00f3gicos.<\/p>\n<p>Apto para todo tipo de pieles, fragancia amaderada.<\/p>\n<p><strong>Ingredients:\u00a0<\/strong>Olivato de sodio**, cocoato de sodio*, glicerina, agua, aceite de frutos de Olea Europaea**, aceite de agujas de Abies Balsamea*, aceite de Cocos Nucifera*, aceite de semillas de Cannabis Sativa*, aceite de Cupressus Sempervirens*, Theobroma cacao*, limoneno, linalool. (*De agricultura ecol\u00f3gica. ** De los Pirineos Orientales.)<\/p>\n<p>Peso: ~95g<\/p>\n","protected":false},"featured_media":1225,"comment_status":"open","ping_status":"closed","template":"","meta":[],"product_brand":[],"product_cat":[99],"product_tag":[106,100,104,96,103,101,97,105,98,102],"class_list":{"0":"post-1286","1":"product","2":"type-product","3":"status-publish","4":"has-post-thumbnail","6":"product_cat-jabones","7":"product_tag-bio-soap-es","8":"product_tag-creamy-soap-es","9":"product_tag-essential-oil-soap-es","10":"product_tag-handmade-soap-es","11":"product_tag-natural-cosmetic-es","12":"product_tag-natural-design-es","13":"product_tag-natural-soap-es","14":"product_tag-organic-soap-es","15":"product_tag-soap-es","16":"product_tag-vegan-soap-es","17":"product_shipping_class-soap-es","19":"first","20":"outofstock","21":"taxable","22":"shipping-taxable","23":"purchasable","24":"product-type-simple"},"yoast_head":"<!-- This site is optimized with the Yoast SEO Premium plugin v22.8 (Yoast SEO v27.2) - https:\/\/yoast.com\/product\/yoast-seo-premium-wordpress\/ -->\n<title>Los Pirineos - nayada<\/title>\n<meta name=\"robots\" content=\"index, follow, max-snippet:-1, max-image-preview:large, max-video-preview:-1\" \/>\n<link rel=\"canonical\" href=\"https:\/\/nayada.eu\/es\/shop\/los-pirineos\/\" \/>\n<meta property=\"og:locale\" content=\"es_ES\" \/>\n<meta property=\"og:type\" content=\"article\" \/>\n<meta property=\"og:title\" content=\"Los Pirineos\" \/>\n<meta property=\"og:description\" content=\"Elaborado con aceite de oliva de los Pirineos Orientales y aceite de coco bio, con un surgras de aceite de c\u00e1\u00f1amo de las Ardenas. Entre los aceites vegetales m\u00e1s ricos, el aceite de c\u00e1\u00f1amo es ideal para el cuidado de las pieles secas, maduras, sensibles y deshidratadas. Con aceites esenciales de abeto y cipr\u00e9s ecol\u00f3gicos.  Apto para todo tipo de pieles, fragancia amaderada.  Ingredients:\u00a0Olivato de sodio**, cocoato de sodio*, glicerina, agua, aceite de frutos de Olea Europaea**, aceite de agujas de Abies Balsamea*, aceite de Cocos Nucifera*, aceite de semillas de Cannabis Sativa*, aceite de Cupressus Sempervirens*, Theobroma cacao*, limoneno, linalool. (*De agricultura ecol\u00f3gica. ** De los Pirineos Orientales.)  Peso: ~95g\" \/>\n<meta property=\"og:url\" content=\"https:\/\/nayada.eu\/es\/shop\/los-pirineos\/\" \/>\n<meta property=\"og:site_name\" content=\"nayada\" \/>\n<meta property=\"og:image\" content=\"https:\/\/nayada.eu\/wp-content\/uploads\/2024\/05\/Nayada-soap-pyreneen-1200px-jpg.webp\" \/>\n\t<meta property=\"og:image:width\" content=\"1200\" \/>\n\t<meta property=\"og:image:height\" content=\"801\" \/>\n\t<meta property=\"og:image:type\" content=\"image\/jpeg\" \/>\n<meta name=\"twitter:card\" content=\"summary_large_image\" \/>\n<script type=\"application\/ld+json\" class=\"yoast-schema-graph\">{\"@context\":\"https:\/\/schema.org\",\"@graph\":[{\"@type\":\"WebPage\",\"@id\":\"https:\/\/nayada.eu\/es\/shop\/los-pirineos\/\",\"url\":\"https:\/\/nayada.eu\/es\/shop\/los-pirineos\/\",\"name\":\"Los Pirineos - nayada\",\"isPartOf\":{\"@id\":\"https:\/\/nayada.eu\/es\/#website\"},\"primaryImageOfPage\":{\"@id\":\"https:\/\/nayada.eu\/es\/shop\/los-pirineos\/#primaryimage\"},\"image\":{\"@id\":\"https:\/\/nayada.eu\/es\/shop\/los-pirineos\/#primaryimage\"},\"thumbnailUrl\":\"https:\/\/nayada.eu\/wp-content\/uploads\/2024\/05\/Nayada-soap-pyreneen-1200px-jpg.webp\",\"datePublished\":\"2024-05-30T10:01:56+00:00\",\"breadcrumb\":{\"@id\":\"https:\/\/nayada.eu\/es\/shop\/los-pirineos\/#breadcrumb\"},\"inLanguage\":\"es\",\"potentialAction\":[{\"@type\":\"ReadAction\",\"target\":[\"https:\/\/nayada.eu\/es\/shop\/los-pirineos\/\"]}]},{\"@type\":\"ImageObject\",\"inLanguage\":\"es\",\"@id\":\"https:\/\/nayada.eu\/es\/shop\/los-pirineos\/#primaryimage\",\"url\":\"https:\/\/nayada.eu\/wp-content\/uploads\/2024\/05\/Nayada-soap-pyreneen-1200px-jpg.webp\",\"contentUrl\":\"https:\/\/nayada.eu\/wp-content\/uploads\/2024\/05\/Nayada-soap-pyreneen-1200px-jpg.webp\",\"width\":1200,\"height\":801},{\"@type\":\"BreadcrumbList\",\"@id\":\"https:\/\/nayada.eu\/es\/shop\/los-pirineos\/#breadcrumb\",\"itemListElement\":[{\"@type\":\"ListItem\",\"position\":1,\"name\":\"Home\",\"item\":\"https:\/\/nayada.eu\/es\/\"},{\"@type\":\"ListItem\",\"position\":2,\"name\":\"Tienda\",\"item\":\"https:\/\/nayada.eu\/es\/tienda\/\"},{\"@type\":\"ListItem\",\"position\":3,\"name\":\"Los Pirineos\"}]},{\"@type\":\"WebSite\",\"@id\":\"https:\/\/nayada.eu\/es\/#website\",\"url\":\"https:\/\/nayada.eu\/es\/\",\"name\":\"nayada\",\"description\":\"Relax like your life depends on it\",\"publisher\":{\"@id\":\"https:\/\/nayada.eu\/es\/#organization\"},\"potentialAction\":[{\"@type\":\"SearchAction\",\"target\":{\"@type\":\"EntryPoint\",\"urlTemplate\":\"https:\/\/nayada.eu\/es\/?s={search_term_string}\"},\"query-input\":{\"@type\":\"PropertyValueSpecification\",\"valueRequired\":true,\"valueName\":\"search_term_string\"}}],\"inLanguage\":\"es\"},{\"@type\":\"Organization\",\"@id\":\"https:\/\/nayada.eu\/es\/#organization\",\"name\":\"nayada\",\"url\":\"https:\/\/nayada.eu\/es\/\",\"logo\":{\"@type\":\"ImageObject\",\"inLanguage\":\"es\",\"@id\":\"https:\/\/nayada.eu\/es\/#\/schema\/logo\/image\/\",\"url\":\"https:\/\/nayada.eu\/wp-content\/uploads\/2022\/12\/Nayada-Logo-black_100px.png\",\"contentUrl\":\"https:\/\/nayada.eu\/wp-content\/uploads\/2022\/12\/Nayada-Logo-black_100px.png\",\"width\":100,\"height\":70,\"caption\":\"nayada\"},\"image\":{\"@id\":\"https:\/\/nayada.eu\/es\/#\/schema\/logo\/image\/\"}}]}<\/script>\n<!-- \/ Yoast SEO Premium plugin. -->","yoast_head_json":{"title":"Los Pirineos - nayada","robots":{"index":"index","follow":"follow","max-snippet":"max-snippet:-1","max-image-preview":"max-image-preview:large","max-video-preview":"max-video-preview:-1"},"canonical":"https:\/\/nayada.eu\/es\/shop\/los-pirineos\/","og_locale":"es_ES","og_type":"article","og_title":"Los Pirineos","og_description":"Elaborado con aceite de oliva de los Pirineos Orientales y aceite de coco bio, con un surgras de aceite de c\u00e1\u00f1amo de las Ardenas. Entre los aceites vegetales m\u00e1s ricos, el aceite de c\u00e1\u00f1amo es ideal para el cuidado de las pieles secas, maduras, sensibles y deshidratadas. Con aceites esenciales de abeto y cipr\u00e9s ecol\u00f3gicos.  Apto para todo tipo de pieles, fragancia amaderada.  Ingredients:\u00a0Olivato de sodio**, cocoato de sodio*, glicerina, agua, aceite de frutos de Olea Europaea**, aceite de agujas de Abies Balsamea*, aceite de Cocos Nucifera*, aceite de semillas de Cannabis Sativa*, aceite de Cupressus Sempervirens*, Theobroma cacao*, limoneno, linalool. (*De agricultura ecol\u00f3gica. ** De los Pirineos Orientales.)  Peso: ~95g","og_url":"https:\/\/nayada.eu\/es\/shop\/los-pirineos\/","og_site_name":"nayada","og_image":[{"width":1200,"height":801,"url":"https:\/\/nayada.eu\/wp-content\/uploads\/2024\/05\/Nayada-soap-pyreneen-1200px-jpg.webp","type":"image\/jpeg"}],"twitter_card":"summary_large_image","schema":{"@context":"https:\/\/schema.org","@graph":[{"@type":"WebPage","@id":"https:\/\/nayada.eu\/es\/shop\/los-pirineos\/","url":"https:\/\/nayada.eu\/es\/shop\/los-pirineos\/","name":"Los Pirineos - nayada","isPartOf":{"@id":"https:\/\/nayada.eu\/es\/#website"},"primaryImageOfPage":{"@id":"https:\/\/nayada.eu\/es\/shop\/los-pirineos\/#primaryimage"},"image":{"@id":"https:\/\/nayada.eu\/es\/shop\/los-pirineos\/#primaryimage"},"thumbnailUrl":"https:\/\/nayada.eu\/wp-content\/uploads\/2024\/05\/Nayada-soap-pyreneen-1200px-jpg.webp","datePublished":"2024-05-30T10:01:56+00:00","breadcrumb":{"@id":"https:\/\/nayada.eu\/es\/shop\/los-pirineos\/#breadcrumb"},"inLanguage":"es","potentialAction":[{"@type":"ReadAction","target":["https:\/\/nayada.eu\/es\/shop\/los-pirineos\/"]}]},{"@type":"ImageObject","inLanguage":"es","@id":"https:\/\/nayada.eu\/es\/shop\/los-pirineos\/#primaryimage","url":"https:\/\/nayada.eu\/wp-content\/uploads\/2024\/05\/Nayada-soap-pyreneen-1200px-jpg.webp","contentUrl":"https:\/\/nayada.eu\/wp-content\/uploads\/2024\/05\/Nayada-soap-pyreneen-1200px-jpg.webp","width":1200,"height":801},{"@type":"BreadcrumbList","@id":"https:\/\/nayada.eu\/es\/shop\/los-pirineos\/#breadcrumb","itemListElement":[{"@type":"ListItem","position":1,"name":"Home","item":"https:\/\/nayada.eu\/es\/"},{"@type":"ListItem","position":2,"name":"Tienda","item":"https:\/\/nayada.eu\/es\/tienda\/"},{"@type":"ListItem","position":3,"name":"Los Pirineos"}]},{"@type":"WebSite","@id":"https:\/\/nayada.eu\/es\/#website","url":"https:\/\/nayada.eu\/es\/","name":"nayada","description":"Relax like your life depends on it","publisher":{"@id":"https:\/\/nayada.eu\/es\/#organization"},"potentialAction":[{"@type":"SearchAction","target":{"@type":"EntryPoint","urlTemplate":"https:\/\/nayada.eu\/es\/?s={search_term_string}"},"query-input":{"@type":"PropertyValueSpecification","valueRequired":true,"valueName":"search_term_string"}}],"inLanguage":"es"},{"@type":"Organization","@id":"https:\/\/nayada.eu\/es\/#organization","name":"nayada","url":"https:\/\/nayada.eu\/es\/","logo":{"@type":"ImageObject","inLanguage":"es","@id":"https:\/\/nayada.eu\/es\/#\/schema\/logo\/image\/","url":"https:\/\/nayada.eu\/wp-content\/uploads\/2022\/12\/Nayada-Logo-black_100px.png","contentUrl":"https:\/\/nayada.eu\/wp-content\/uploads\/2022\/12\/Nayada-Logo-black_100px.png","width":100,"height":70,"caption":"nayada"},"image":{"@id":"https:\/\/nayada.eu\/es\/#\/schema\/logo\/image\/"}}]}},"_links":{"self":[{"href":"https:\/\/nayada.eu\/es\/wp-json\/wp\/v2\/product\/1286","targetHints":{"allow":["GET"]}}],"collection":[{"href":"https:\/\/nayada.eu\/es\/wp-json\/wp\/v2\/product"}],"about":[{"href":"https:\/\/nayada.eu\/es\/wp-json\/wp\/v2\/types\/product"}],"replies":[{"embeddable":true,"href":"https:\/\/nayada.eu\/es\/wp-json\/wp\/v2\/comments?post=1286"}],"wp:featuredmedia":[{"embeddable":true,"href":"https:\/\/nayada.eu\/es\/wp-json\/wp\/v2\/media\/1225"}],"wp:attachment":[{"href":"https:\/\/nayada.eu\/es\/wp-json\/wp\/v2\/media?parent=1286"}],"wp:term":[{"taxonomy":"product_brand","embeddable":true,"href":"https:\/\/nayada.eu\/es\/wp-json\/wp\/v2\/product_brand?post=1286"},{"taxonomy":"product_cat","embeddable":true,"href":"https:\/\/nayada.eu\/es\/wp-json\/wp\/v2\/product_cat?post=1286"},{"taxonomy":"product_tag","embeddable":true,"href":"https:\/\/nayada.eu\/es\/wp-json\/wp\/v2\/product_tag?post=1286"}],"curies":[{"name":"wp","href":"https:\/\/api.w.org\/{rel}","templated":true}]}}