{"id":1289,"date":"2024-05-30T11:54:43","date_gmt":"2024-05-30T09:54:43","guid":{"rendered":"https:\/\/nayada.eu\/shop\/brillo-sano\/"},"modified":"2024-05-30T11:54:43","modified_gmt":"2024-05-30T09:54:43","slug":"brillo-sano","status":"publish","type":"product","link":"https:\/\/nayada.eu\/es\/shop\/brillo-sano\/","title":{"rendered":"Brillo Sano"},"content":{"rendered":"","protected":false},"excerpt":{"rendered":"<p>Elaborado con aceite de oliva de la regi\u00f3n de los Pirineos Orientales, aceite de coco bio, aceite de hueso de albaricoque bio (cremoso, nutritivo, calmante, fotoprotector), aceite esencial de Niaouli bio (antibacteriano, refrescante, tonificante y regenerador cut\u00e1neo), ocre amarillo y cacao en polvo bio (relajante, antiedad, anticelul\u00edtico).<\/p>\n<p><strong>Ingredientes:\u00a0<\/strong>Olivato de sodio**, Cocoato de sodio*, Glicerina, Aceite del fruto de Olea Europaea**, Agua, Aceite de Melaleuca Quinquenervia* , Aceite de almendra de Prunus Armeniaca*, Caol\u00edn y \u00f3xidos de hierro, Aceite de Cocos Nucifera*, Theobroma Cacao*, Limoneno, Linalool. (*De agricultura ecol\u00f3gica. ** De los Pirineos Orientales.)<\/p>\n<p>Peso: ~95g<\/p>\n","protected":false},"featured_media":1189,"comment_status":"open","ping_status":"closed","template":"","meta":[],"product_brand":[],"product_cat":[99],"product_tag":[106,100,104,96,103,101,97,105,98,102],"class_list":{"0":"post-1289","1":"product","2":"type-product","3":"status-publish","4":"has-post-thumbnail","6":"product_cat-jabones","7":"product_tag-bio-soap-es","8":"product_tag-creamy-soap-es","9":"product_tag-essential-oil-soap-es","10":"product_tag-handmade-soap-es","11":"product_tag-natural-cosmetic-es","12":"product_tag-natural-design-es","13":"product_tag-natural-soap-es","14":"product_tag-organic-soap-es","15":"product_tag-soap-es","16":"product_tag-vegan-soap-es","17":"product_shipping_class-soap-es","19":"first","20":"outofstock","21":"taxable","22":"shipping-taxable","23":"purchasable","24":"product-type-simple"},"yoast_head":"<!-- This site is optimized with the Yoast SEO Premium plugin v22.8 (Yoast SEO v27.2) - https:\/\/yoast.com\/product\/yoast-seo-premium-wordpress\/ -->\n<title>Brillo Sano - nayada<\/title>\n<meta name=\"robots\" content=\"index, follow, max-snippet:-1, max-image-preview:large, max-video-preview:-1\" \/>\n<link rel=\"canonical\" href=\"https:\/\/nayada.eu\/es\/shop\/brillo-sano\/\" \/>\n<meta property=\"og:locale\" content=\"es_ES\" \/>\n<meta property=\"og:type\" content=\"article\" \/>\n<meta property=\"og:title\" content=\"Brillo Sano\" \/>\n<meta property=\"og:description\" content=\"Elaborado con aceite de oliva de la regi\u00f3n de los Pirineos Orientales, aceite de coco bio, aceite de hueso de albaricoque bio (cremoso, nutritivo, calmante, fotoprotector), aceite esencial de Niaouli bio (antibacteriano, refrescante, tonificante y regenerador cut\u00e1neo), ocre amarillo y cacao en polvo bio (relajante, antiedad, anticelul\u00edtico).  Ingredientes:\u00a0Olivato de sodio**, Cocoato de sodio*, Glicerina, Aceite del fruto de Olea Europaea**, Agua, Aceite de Melaleuca Quinquenervia* , Aceite de almendra de Prunus Armeniaca*, Caol\u00edn y \u00f3xidos de hierro, Aceite de Cocos Nucifera*, Theobroma Cacao*, Limoneno, Linalool. (*De agricultura ecol\u00f3gica. ** De los Pirineos Orientales.)  Peso: ~95g\" \/>\n<meta property=\"og:url\" content=\"https:\/\/nayada.eu\/es\/shop\/brillo-sano\/\" \/>\n<meta property=\"og:site_name\" content=\"nayada\" \/>\n<meta property=\"og:image\" content=\"https:\/\/nayada.eu\/wp-content\/uploads\/2024\/05\/Nayada-soap-healthy-glow-1200px-jpg.webp\" \/>\n\t<meta property=\"og:image:width\" content=\"1200\" \/>\n\t<meta property=\"og:image:height\" content=\"801\" \/>\n\t<meta property=\"og:image:type\" content=\"image\/jpeg\" \/>\n<meta name=\"twitter:card\" content=\"summary_large_image\" \/>\n<script type=\"application\/ld+json\" class=\"yoast-schema-graph\">{\"@context\":\"https:\/\/schema.org\",\"@graph\":[{\"@type\":\"WebPage\",\"@id\":\"https:\/\/nayada.eu\/es\/shop\/brillo-sano\/\",\"url\":\"https:\/\/nayada.eu\/es\/shop\/brillo-sano\/\",\"name\":\"Brillo Sano - nayada\",\"isPartOf\":{\"@id\":\"https:\/\/nayada.eu\/es\/#website\"},\"primaryImageOfPage\":{\"@id\":\"https:\/\/nayada.eu\/es\/shop\/brillo-sano\/#primaryimage\"},\"image\":{\"@id\":\"https:\/\/nayada.eu\/es\/shop\/brillo-sano\/#primaryimage\"},\"thumbnailUrl\":\"https:\/\/nayada.eu\/wp-content\/uploads\/2024\/05\/Nayada-soap-healthy-glow-1200px-jpg.webp\",\"datePublished\":\"2024-05-30T09:54:43+00:00\",\"breadcrumb\":{\"@id\":\"https:\/\/nayada.eu\/es\/shop\/brillo-sano\/#breadcrumb\"},\"inLanguage\":\"es\",\"potentialAction\":[{\"@type\":\"ReadAction\",\"target\":[\"https:\/\/nayada.eu\/es\/shop\/brillo-sano\/\"]}]},{\"@type\":\"ImageObject\",\"inLanguage\":\"es\",\"@id\":\"https:\/\/nayada.eu\/es\/shop\/brillo-sano\/#primaryimage\",\"url\":\"https:\/\/nayada.eu\/wp-content\/uploads\/2024\/05\/Nayada-soap-healthy-glow-1200px-jpg.webp\",\"contentUrl\":\"https:\/\/nayada.eu\/wp-content\/uploads\/2024\/05\/Nayada-soap-healthy-glow-1200px-jpg.webp\",\"width\":1200,\"height\":801},{\"@type\":\"BreadcrumbList\",\"@id\":\"https:\/\/nayada.eu\/es\/shop\/brillo-sano\/#breadcrumb\",\"itemListElement\":[{\"@type\":\"ListItem\",\"position\":1,\"name\":\"Home\",\"item\":\"https:\/\/nayada.eu\/es\/\"},{\"@type\":\"ListItem\",\"position\":2,\"name\":\"Tienda\",\"item\":\"https:\/\/nayada.eu\/es\/tienda\/\"},{\"@type\":\"ListItem\",\"position\":3,\"name\":\"Brillo Sano\"}]},{\"@type\":\"WebSite\",\"@id\":\"https:\/\/nayada.eu\/es\/#website\",\"url\":\"https:\/\/nayada.eu\/es\/\",\"name\":\"nayada\",\"description\":\"Relax like your life depends on it\",\"publisher\":{\"@id\":\"https:\/\/nayada.eu\/es\/#organization\"},\"potentialAction\":[{\"@type\":\"SearchAction\",\"target\":{\"@type\":\"EntryPoint\",\"urlTemplate\":\"https:\/\/nayada.eu\/es\/?s={search_term_string}\"},\"query-input\":{\"@type\":\"PropertyValueSpecification\",\"valueRequired\":true,\"valueName\":\"search_term_string\"}}],\"inLanguage\":\"es\"},{\"@type\":\"Organization\",\"@id\":\"https:\/\/nayada.eu\/es\/#organization\",\"name\":\"nayada\",\"url\":\"https:\/\/nayada.eu\/es\/\",\"logo\":{\"@type\":\"ImageObject\",\"inLanguage\":\"es\",\"@id\":\"https:\/\/nayada.eu\/es\/#\/schema\/logo\/image\/\",\"url\":\"https:\/\/nayada.eu\/wp-content\/uploads\/2022\/12\/Nayada-Logo-black_100px.png\",\"contentUrl\":\"https:\/\/nayada.eu\/wp-content\/uploads\/2022\/12\/Nayada-Logo-black_100px.png\",\"width\":100,\"height\":70,\"caption\":\"nayada\"},\"image\":{\"@id\":\"https:\/\/nayada.eu\/es\/#\/schema\/logo\/image\/\"}}]}<\/script>\n<!-- \/ Yoast SEO Premium plugin. -->","yoast_head_json":{"title":"Brillo Sano - nayada","robots":{"index":"index","follow":"follow","max-snippet":"max-snippet:-1","max-image-preview":"max-image-preview:large","max-video-preview":"max-video-preview:-1"},"canonical":"https:\/\/nayada.eu\/es\/shop\/brillo-sano\/","og_locale":"es_ES","og_type":"article","og_title":"Brillo Sano","og_description":"Elaborado con aceite de oliva de la regi\u00f3n de los Pirineos Orientales, aceite de coco bio, aceite de hueso de albaricoque bio (cremoso, nutritivo, calmante, fotoprotector), aceite esencial de Niaouli bio (antibacteriano, refrescante, tonificante y regenerador cut\u00e1neo), ocre amarillo y cacao en polvo bio (relajante, antiedad, anticelul\u00edtico).  Ingredientes:\u00a0Olivato de sodio**, Cocoato de sodio*, Glicerina, Aceite del fruto de Olea Europaea**, Agua, Aceite de Melaleuca Quinquenervia* , Aceite de almendra de Prunus Armeniaca*, Caol\u00edn y \u00f3xidos de hierro, Aceite de Cocos Nucifera*, Theobroma Cacao*, Limoneno, Linalool. (*De agricultura ecol\u00f3gica. ** De los Pirineos Orientales.)  Peso: ~95g","og_url":"https:\/\/nayada.eu\/es\/shop\/brillo-sano\/","og_site_name":"nayada","og_image":[{"width":1200,"height":801,"url":"https:\/\/nayada.eu\/wp-content\/uploads\/2024\/05\/Nayada-soap-healthy-glow-1200px-jpg.webp","type":"image\/jpeg"}],"twitter_card":"summary_large_image","schema":{"@context":"https:\/\/schema.org","@graph":[{"@type":"WebPage","@id":"https:\/\/nayada.eu\/es\/shop\/brillo-sano\/","url":"https:\/\/nayada.eu\/es\/shop\/brillo-sano\/","name":"Brillo Sano - nayada","isPartOf":{"@id":"https:\/\/nayada.eu\/es\/#website"},"primaryImageOfPage":{"@id":"https:\/\/nayada.eu\/es\/shop\/brillo-sano\/#primaryimage"},"image":{"@id":"https:\/\/nayada.eu\/es\/shop\/brillo-sano\/#primaryimage"},"thumbnailUrl":"https:\/\/nayada.eu\/wp-content\/uploads\/2024\/05\/Nayada-soap-healthy-glow-1200px-jpg.webp","datePublished":"2024-05-30T09:54:43+00:00","breadcrumb":{"@id":"https:\/\/nayada.eu\/es\/shop\/brillo-sano\/#breadcrumb"},"inLanguage":"es","potentialAction":[{"@type":"ReadAction","target":["https:\/\/nayada.eu\/es\/shop\/brillo-sano\/"]}]},{"@type":"ImageObject","inLanguage":"es","@id":"https:\/\/nayada.eu\/es\/shop\/brillo-sano\/#primaryimage","url":"https:\/\/nayada.eu\/wp-content\/uploads\/2024\/05\/Nayada-soap-healthy-glow-1200px-jpg.webp","contentUrl":"https:\/\/nayada.eu\/wp-content\/uploads\/2024\/05\/Nayada-soap-healthy-glow-1200px-jpg.webp","width":1200,"height":801},{"@type":"BreadcrumbList","@id":"https:\/\/nayada.eu\/es\/shop\/brillo-sano\/#breadcrumb","itemListElement":[{"@type":"ListItem","position":1,"name":"Home","item":"https:\/\/nayada.eu\/es\/"},{"@type":"ListItem","position":2,"name":"Tienda","item":"https:\/\/nayada.eu\/es\/tienda\/"},{"@type":"ListItem","position":3,"name":"Brillo Sano"}]},{"@type":"WebSite","@id":"https:\/\/nayada.eu\/es\/#website","url":"https:\/\/nayada.eu\/es\/","name":"nayada","description":"Relax like your life depends on it","publisher":{"@id":"https:\/\/nayada.eu\/es\/#organization"},"potentialAction":[{"@type":"SearchAction","target":{"@type":"EntryPoint","urlTemplate":"https:\/\/nayada.eu\/es\/?s={search_term_string}"},"query-input":{"@type":"PropertyValueSpecification","valueRequired":true,"valueName":"search_term_string"}}],"inLanguage":"es"},{"@type":"Organization","@id":"https:\/\/nayada.eu\/es\/#organization","name":"nayada","url":"https:\/\/nayada.eu\/es\/","logo":{"@type":"ImageObject","inLanguage":"es","@id":"https:\/\/nayada.eu\/es\/#\/schema\/logo\/image\/","url":"https:\/\/nayada.eu\/wp-content\/uploads\/2022\/12\/Nayada-Logo-black_100px.png","contentUrl":"https:\/\/nayada.eu\/wp-content\/uploads\/2022\/12\/Nayada-Logo-black_100px.png","width":100,"height":70,"caption":"nayada"},"image":{"@id":"https:\/\/nayada.eu\/es\/#\/schema\/logo\/image\/"}}]}},"_links":{"self":[{"href":"https:\/\/nayada.eu\/es\/wp-json\/wp\/v2\/product\/1289","targetHints":{"allow":["GET"]}}],"collection":[{"href":"https:\/\/nayada.eu\/es\/wp-json\/wp\/v2\/product"}],"about":[{"href":"https:\/\/nayada.eu\/es\/wp-json\/wp\/v2\/types\/product"}],"replies":[{"embeddable":true,"href":"https:\/\/nayada.eu\/es\/wp-json\/wp\/v2\/comments?post=1289"}],"wp:featuredmedia":[{"embeddable":true,"href":"https:\/\/nayada.eu\/es\/wp-json\/wp\/v2\/media\/1189"}],"wp:attachment":[{"href":"https:\/\/nayada.eu\/es\/wp-json\/wp\/v2\/media?parent=1289"}],"wp:term":[{"taxonomy":"product_brand","embeddable":true,"href":"https:\/\/nayada.eu\/es\/wp-json\/wp\/v2\/product_brand?post=1289"},{"taxonomy":"product_cat","embeddable":true,"href":"https:\/\/nayada.eu\/es\/wp-json\/wp\/v2\/product_cat?post=1289"},{"taxonomy":"product_tag","embeddable":true,"href":"https:\/\/nayada.eu\/es\/wp-json\/wp\/v2\/product_tag?post=1289"}],"curies":[{"name":"wp","href":"https:\/\/api.w.org\/{rel}","templated":true}]}}