{"id":1298,"date":"2024-05-26T16:07:41","date_gmt":"2024-05-26T14:07:41","guid":{"rendered":"https:\/\/nayada.eu\/shop\/tarta-de-limon\/"},"modified":"2024-05-26T16:07:41","modified_gmt":"2024-05-26T14:07:41","slug":"tarta-de-limon","status":"publish","type":"product","link":"https:\/\/nayada.eu\/es\/shop\/tarta-de-limon\/","title":{"rendered":"Tarta de lim\u00f3n"},"content":{"rendered":"","protected":false},"excerpt":{"rendered":"<p>Esta tarta de lim\u00f3n ser\u00e1 apreciado por quienes adoran los sabores c\u00edtricos, \u00a1porque result\u00f3 muy perfumado!<br \/>\nComo siempre, cada pastilla es \u00fanica y tiene un aspecto impresionante.<\/p>\n<p>La principal baza es, por supuesto, el olor: imag\u00ednese una cremosa tarta de lim\u00f3n con una crujiente base arenosa que se deshace en la boca.<br \/>\nY todo ello recubierto de ralladura ligeramente picante y az\u00facar de ca\u00f1a caramelizado. No es solo un sabor, es una aut\u00e9ntica sinfon\u00eda \u2728<\/p>\n<p><strong>Ingredientes:<\/strong> Aceites saponificados de coco, albaricoque, oliva, aroma y espino amarillo<\/p>\n<p>Peso: ~100g\u00a0 (el peso del jab\u00f3n puede variar +\/-10g)<\/p>\n<p>Made in Ukraine<\/p>\n","protected":false},"featured_media":1069,"comment_status":"open","ping_status":"closed","template":"","meta":[],"product_brand":[],"product_cat":[99],"product_tag":[106,100,104,96,103,101,97,105,98,102],"class_list":{"0":"post-1298","1":"product","2":"type-product","3":"status-publish","4":"has-post-thumbnail","6":"product_cat-jabones","7":"product_tag-bio-soap-es","8":"product_tag-creamy-soap-es","9":"product_tag-essential-oil-soap-es","10":"product_tag-handmade-soap-es","11":"product_tag-natural-cosmetic-es","12":"product_tag-natural-design-es","13":"product_tag-natural-soap-es","14":"product_tag-organic-soap-es","15":"product_tag-soap-es","16":"product_tag-vegan-soap-es","17":"product_shipping_class-soap-es","19":"first","20":"outofstock","21":"taxable","22":"shipping-taxable","23":"purchasable","24":"product-type-simple"},"yoast_head":"<!-- This site is optimized with the Yoast SEO Premium plugin v22.8 (Yoast SEO v27.2) - https:\/\/yoast.com\/product\/yoast-seo-premium-wordpress\/ -->\n<title>Tarta de lim\u00f3n - nayada<\/title>\n<meta name=\"robots\" content=\"index, follow, max-snippet:-1, max-image-preview:large, max-video-preview:-1\" \/>\n<link rel=\"canonical\" href=\"https:\/\/nayada.eu\/es\/shop\/tarta-de-limon\/\" \/>\n<meta property=\"og:locale\" content=\"es_ES\" \/>\n<meta property=\"og:type\" content=\"article\" \/>\n<meta property=\"og:title\" content=\"Tarta de lim\u00f3n\" \/>\n<meta property=\"og:description\" content=\"Esta tarta de lim\u00f3n ser\u00e1 apreciado por quienes adoran los sabores c\u00edtricos, \u00a1porque result\u00f3 muy perfumado! Como siempre, cada pastilla es \u00fanica y tiene un aspecto impresionante. La principal baza es, por supuesto, el olor: imag\u00ednese una cremosa tarta de lim\u00f3n con una crujiente base arenosa que se deshace en la boca. Y todo ello recubierto de ralladura ligeramente picante y az\u00facar de ca\u00f1a caramelizado. No es solo un sabor, es una aut\u00e9ntica sinfon\u00eda \u2728 Ingredientes: Aceites saponificados de coco, albaricoque, oliva, aroma y espino amarillo Peso: ~100g\u00a0 (el peso del jab\u00f3n puede variar +\/-10g) Made in Ukraine\" \/>\n<meta property=\"og:url\" content=\"https:\/\/nayada.eu\/es\/shop\/tarta-de-limon\/\" \/>\n<meta property=\"og:site_name\" content=\"nayada\" \/>\n<meta property=\"og:image\" content=\"https:\/\/nayada.eu\/wp-content\/uploads\/2024\/05\/Nayada-soap-lemoncake-1200px-1-jpg.webp\" \/>\n\t<meta property=\"og:image:width\" content=\"1200\" \/>\n\t<meta property=\"og:image:height\" content=\"801\" \/>\n\t<meta property=\"og:image:type\" content=\"image\/jpeg\" \/>\n<meta name=\"twitter:card\" content=\"summary_large_image\" \/>\n<script type=\"application\/ld+json\" class=\"yoast-schema-graph\">{\"@context\":\"https:\/\/schema.org\",\"@graph\":[{\"@type\":\"WebPage\",\"@id\":\"https:\/\/nayada.eu\/es\/shop\/tarta-de-limon\/\",\"url\":\"https:\/\/nayada.eu\/es\/shop\/tarta-de-limon\/\",\"name\":\"Tarta de lim\u00f3n - nayada\",\"isPartOf\":{\"@id\":\"https:\/\/nayada.eu\/es\/#website\"},\"primaryImageOfPage\":{\"@id\":\"https:\/\/nayada.eu\/es\/shop\/tarta-de-limon\/#primaryimage\"},\"image\":{\"@id\":\"https:\/\/nayada.eu\/es\/shop\/tarta-de-limon\/#primaryimage\"},\"thumbnailUrl\":\"https:\/\/nayada.eu\/wp-content\/uploads\/2024\/05\/Nayada-soap-lemoncake-1200px-1-jpg.webp\",\"datePublished\":\"2024-05-26T14:07:41+00:00\",\"breadcrumb\":{\"@id\":\"https:\/\/nayada.eu\/es\/shop\/tarta-de-limon\/#breadcrumb\"},\"inLanguage\":\"es\",\"potentialAction\":[{\"@type\":\"ReadAction\",\"target\":[\"https:\/\/nayada.eu\/es\/shop\/tarta-de-limon\/\"]}]},{\"@type\":\"ImageObject\",\"inLanguage\":\"es\",\"@id\":\"https:\/\/nayada.eu\/es\/shop\/tarta-de-limon\/#primaryimage\",\"url\":\"https:\/\/nayada.eu\/wp-content\/uploads\/2024\/05\/Nayada-soap-lemoncake-1200px-1-jpg.webp\",\"contentUrl\":\"https:\/\/nayada.eu\/wp-content\/uploads\/2024\/05\/Nayada-soap-lemoncake-1200px-1-jpg.webp\",\"width\":1200,\"height\":801},{\"@type\":\"BreadcrumbList\",\"@id\":\"https:\/\/nayada.eu\/es\/shop\/tarta-de-limon\/#breadcrumb\",\"itemListElement\":[{\"@type\":\"ListItem\",\"position\":1,\"name\":\"Home\",\"item\":\"https:\/\/nayada.eu\/es\/\"},{\"@type\":\"ListItem\",\"position\":2,\"name\":\"Tienda\",\"item\":\"https:\/\/nayada.eu\/es\/tienda\/\"},{\"@type\":\"ListItem\",\"position\":3,\"name\":\"Tarta de lim\u00f3n\"}]},{\"@type\":\"WebSite\",\"@id\":\"https:\/\/nayada.eu\/es\/#website\",\"url\":\"https:\/\/nayada.eu\/es\/\",\"name\":\"nayada\",\"description\":\"Relax like your life depends on it\",\"publisher\":{\"@id\":\"https:\/\/nayada.eu\/es\/#organization\"},\"potentialAction\":[{\"@type\":\"SearchAction\",\"target\":{\"@type\":\"EntryPoint\",\"urlTemplate\":\"https:\/\/nayada.eu\/es\/?s={search_term_string}\"},\"query-input\":{\"@type\":\"PropertyValueSpecification\",\"valueRequired\":true,\"valueName\":\"search_term_string\"}}],\"inLanguage\":\"es\"},{\"@type\":\"Organization\",\"@id\":\"https:\/\/nayada.eu\/es\/#organization\",\"name\":\"nayada\",\"url\":\"https:\/\/nayada.eu\/es\/\",\"logo\":{\"@type\":\"ImageObject\",\"inLanguage\":\"es\",\"@id\":\"https:\/\/nayada.eu\/es\/#\/schema\/logo\/image\/\",\"url\":\"https:\/\/nayada.eu\/wp-content\/uploads\/2022\/12\/Nayada-Logo-black_100px.png\",\"contentUrl\":\"https:\/\/nayada.eu\/wp-content\/uploads\/2022\/12\/Nayada-Logo-black_100px.png\",\"width\":100,\"height\":70,\"caption\":\"nayada\"},\"image\":{\"@id\":\"https:\/\/nayada.eu\/es\/#\/schema\/logo\/image\/\"}}]}<\/script>\n<!-- \/ Yoast SEO Premium plugin. -->","yoast_head_json":{"title":"Tarta de lim\u00f3n - nayada","robots":{"index":"index","follow":"follow","max-snippet":"max-snippet:-1","max-image-preview":"max-image-preview:large","max-video-preview":"max-video-preview:-1"},"canonical":"https:\/\/nayada.eu\/es\/shop\/tarta-de-limon\/","og_locale":"es_ES","og_type":"article","og_title":"Tarta de lim\u00f3n","og_description":"Esta tarta de lim\u00f3n ser\u00e1 apreciado por quienes adoran los sabores c\u00edtricos, \u00a1porque result\u00f3 muy perfumado! Como siempre, cada pastilla es \u00fanica y tiene un aspecto impresionante. La principal baza es, por supuesto, el olor: imag\u00ednese una cremosa tarta de lim\u00f3n con una crujiente base arenosa que se deshace en la boca. Y todo ello recubierto de ralladura ligeramente picante y az\u00facar de ca\u00f1a caramelizado. No es solo un sabor, es una aut\u00e9ntica sinfon\u00eda \u2728 Ingredientes: Aceites saponificados de coco, albaricoque, oliva, aroma y espino amarillo Peso: ~100g\u00a0 (el peso del jab\u00f3n puede variar +\/-10g) Made in Ukraine","og_url":"https:\/\/nayada.eu\/es\/shop\/tarta-de-limon\/","og_site_name":"nayada","og_image":[{"width":1200,"height":801,"url":"https:\/\/nayada.eu\/wp-content\/uploads\/2024\/05\/Nayada-soap-lemoncake-1200px-1-jpg.webp","type":"image\/jpeg"}],"twitter_card":"summary_large_image","schema":{"@context":"https:\/\/schema.org","@graph":[{"@type":"WebPage","@id":"https:\/\/nayada.eu\/es\/shop\/tarta-de-limon\/","url":"https:\/\/nayada.eu\/es\/shop\/tarta-de-limon\/","name":"Tarta de lim\u00f3n - nayada","isPartOf":{"@id":"https:\/\/nayada.eu\/es\/#website"},"primaryImageOfPage":{"@id":"https:\/\/nayada.eu\/es\/shop\/tarta-de-limon\/#primaryimage"},"image":{"@id":"https:\/\/nayada.eu\/es\/shop\/tarta-de-limon\/#primaryimage"},"thumbnailUrl":"https:\/\/nayada.eu\/wp-content\/uploads\/2024\/05\/Nayada-soap-lemoncake-1200px-1-jpg.webp","datePublished":"2024-05-26T14:07:41+00:00","breadcrumb":{"@id":"https:\/\/nayada.eu\/es\/shop\/tarta-de-limon\/#breadcrumb"},"inLanguage":"es","potentialAction":[{"@type":"ReadAction","target":["https:\/\/nayada.eu\/es\/shop\/tarta-de-limon\/"]}]},{"@type":"ImageObject","inLanguage":"es","@id":"https:\/\/nayada.eu\/es\/shop\/tarta-de-limon\/#primaryimage","url":"https:\/\/nayada.eu\/wp-content\/uploads\/2024\/05\/Nayada-soap-lemoncake-1200px-1-jpg.webp","contentUrl":"https:\/\/nayada.eu\/wp-content\/uploads\/2024\/05\/Nayada-soap-lemoncake-1200px-1-jpg.webp","width":1200,"height":801},{"@type":"BreadcrumbList","@id":"https:\/\/nayada.eu\/es\/shop\/tarta-de-limon\/#breadcrumb","itemListElement":[{"@type":"ListItem","position":1,"name":"Home","item":"https:\/\/nayada.eu\/es\/"},{"@type":"ListItem","position":2,"name":"Tienda","item":"https:\/\/nayada.eu\/es\/tienda\/"},{"@type":"ListItem","position":3,"name":"Tarta de lim\u00f3n"}]},{"@type":"WebSite","@id":"https:\/\/nayada.eu\/es\/#website","url":"https:\/\/nayada.eu\/es\/","name":"nayada","description":"Relax like your life depends on it","publisher":{"@id":"https:\/\/nayada.eu\/es\/#organization"},"potentialAction":[{"@type":"SearchAction","target":{"@type":"EntryPoint","urlTemplate":"https:\/\/nayada.eu\/es\/?s={search_term_string}"},"query-input":{"@type":"PropertyValueSpecification","valueRequired":true,"valueName":"search_term_string"}}],"inLanguage":"es"},{"@type":"Organization","@id":"https:\/\/nayada.eu\/es\/#organization","name":"nayada","url":"https:\/\/nayada.eu\/es\/","logo":{"@type":"ImageObject","inLanguage":"es","@id":"https:\/\/nayada.eu\/es\/#\/schema\/logo\/image\/","url":"https:\/\/nayada.eu\/wp-content\/uploads\/2022\/12\/Nayada-Logo-black_100px.png","contentUrl":"https:\/\/nayada.eu\/wp-content\/uploads\/2022\/12\/Nayada-Logo-black_100px.png","width":100,"height":70,"caption":"nayada"},"image":{"@id":"https:\/\/nayada.eu\/es\/#\/schema\/logo\/image\/"}}]}},"_links":{"self":[{"href":"https:\/\/nayada.eu\/es\/wp-json\/wp\/v2\/product\/1298","targetHints":{"allow":["GET"]}}],"collection":[{"href":"https:\/\/nayada.eu\/es\/wp-json\/wp\/v2\/product"}],"about":[{"href":"https:\/\/nayada.eu\/es\/wp-json\/wp\/v2\/types\/product"}],"replies":[{"embeddable":true,"href":"https:\/\/nayada.eu\/es\/wp-json\/wp\/v2\/comments?post=1298"}],"wp:featuredmedia":[{"embeddable":true,"href":"https:\/\/nayada.eu\/es\/wp-json\/wp\/v2\/media\/1069"}],"wp:attachment":[{"href":"https:\/\/nayada.eu\/es\/wp-json\/wp\/v2\/media?parent=1298"}],"wp:term":[{"taxonomy":"product_brand","embeddable":true,"href":"https:\/\/nayada.eu\/es\/wp-json\/wp\/v2\/product_brand?post=1298"},{"taxonomy":"product_cat","embeddable":true,"href":"https:\/\/nayada.eu\/es\/wp-json\/wp\/v2\/product_cat?post=1298"},{"taxonomy":"product_tag","embeddable":true,"href":"https:\/\/nayada.eu\/es\/wp-json\/wp\/v2\/product_tag?post=1298"}],"curies":[{"name":"wp","href":"https:\/\/api.w.org\/{rel}","templated":true}]}}